{"id":15746,"date":"2020-04-29T17:59:07","date_gmt":"2020-04-29T15:59:07","guid":{"rendered":"http:\/\/globetree.site\/?page_id=15746"},"modified":"2020-05-01T18:15:13","modified_gmt":"2020-05-01T16:15:13","slug":"kontakta-oss","status":"publish","type":"page","link":"https:\/\/globetree.site\/en\/kontakta-oss\/","title":{"rendered":"Contact us"},"content":{"rendered":"<div data-elementor-type=\"wp-post\" data-elementor-id=\"15746\" class=\"elementor elementor-15746\" data-elementor-post-type=\"page\">\n\t\t\t\t\t\t<section class=\"elementor-section elementor-top-section elementor-element elementor-element-7ac9ca5 elementor-section-boxed elementor-section-height-default elementor-section-height-default\" data-id=\"7ac9ca5\" data-element_type=\"section\" data-settings=\"{&quot;background_background&quot;:&quot;classic&quot;}\">\n\t\t\t\t\t\t\t<div class=\"elementor-background-overlay\"><\/div>\n\t\t\t\t\t\t\t<div class=\"elementor-container elementor-column-gap-default\">\n\t\t\t\t\t<div class=\"elementor-column elementor-col-33 elementor-top-column elementor-element elementor-element-fc40e94\" data-id=\"fc40e94\" data-element_type=\"column\">\n\t\t\t<div class=\"elementor-widget-wrap\">\n\t\t\t\t\t\t\t<\/div>\n\t\t<\/div>\n\t\t\t\t<div class=\"elementor-column elementor-col-33 elementor-top-column elementor-element elementor-element-90988fe\" data-id=\"90988fe\" data-element_type=\"column\">\n\t\t\t<div class=\"elementor-widget-wrap elementor-element-populated\">\n\t\t\t\t\t\t<div class=\"elementor-element elementor-element-4a1c612 elementor-widget elementor-widget-heading\" data-id=\"4a1c612\" data-element_type=\"widget\" data-widget_type=\"heading.default\">\n\t\t\t\t<div class=\"elementor-widget-container\">\n\t\t\t\t\t<h1 class=\"elementor-heading-title elementor-size-default\">Contact us<\/h1>\t\t\t\t<\/div>\n\t\t\t\t<\/div>\n\t\t\t\t\t<\/div>\n\t\t<\/div>\n\t\t\t\t<div class=\"elementor-column elementor-col-33 elementor-top-column elementor-element elementor-element-919f5c1\" data-id=\"919f5c1\" data-element_type=\"column\">\n\t\t\t<div class=\"elementor-widget-wrap\">\n\t\t\t\t\t\t\t<\/div>\n\t\t<\/div>\n\t\t\t\t\t<\/div>\n\t\t<\/section>\n\t\t\t\t<section class=\"elementor-section elementor-top-section elementor-element elementor-element-f701f88 elementor-section-stretched elementor-section-height-min-height elementor-section-boxed elementor-section-height-default elementor-section-items-middle\" data-id=\"f701f88\" data-element_type=\"section\" data-settings=\"{&quot;stretch_section&quot;:&quot;section-stretched&quot;}\">\n\t\t\t\t\t\t<div class=\"elementor-container elementor-column-gap-default\">\n\t\t\t\t\t<div class=\"elementor-column elementor-col-50 elementor-top-column elementor-element elementor-element-afa27f3\" data-id=\"afa27f3\" data-element_type=\"column\">\n\t\t\t<div class=\"elementor-widget-wrap elementor-element-populated\">\n\t\t\t\t\t\t<div class=\"elementor-element elementor-element-70a2c8e elementor-widget elementor-widget-google_maps\" data-id=\"70a2c8e\" data-element_type=\"widget\" data-widget_type=\"google_maps.default\">\n\t\t\t\t<div class=\"elementor-widget-container\">\n\t\t\t\t\t\t\t<div class=\"elementor-custom-embed\">\n\t\t\t<iframe loading=\"lazy\"\n\t\t\t\t\tsrc=\"https:\/\/maps.google.com\/maps?q=Steningev%C3%A4gen%204%2C%20Stockholm%2C%20Sverige&#038;t=m&#038;z=10&#038;output=embed&#038;iwloc=near\"\n\t\t\t\t\ttitle=\"Steningev\u00e4gen 4, Stockholm, Sverige\"\n\t\t\t\t\taria-label=\"Steningev\u00e4gen 4, Stockholm, Sverige\"\n\t\t\t><\/iframe>\n\t\t<\/div>\n\t\t\t\t\t\t<\/div>\n\t\t\t\t<\/div>\n\t\t\t\t\t<\/div>\n\t\t<\/div>\n\t\t\t\t<div class=\"elementor-column elementor-col-50 elementor-top-column elementor-element elementor-element-962b7a0\" data-id=\"962b7a0\" data-element_type=\"column\">\n\t\t\t<div class=\"elementor-widget-wrap elementor-element-populated\">\n\t\t\t\t\t\t<section class=\"elementor-section elementor-inner-section elementor-element elementor-element-db6678a elementor-section-boxed elementor-section-height-default elementor-section-height-default\" data-id=\"db6678a\" data-element_type=\"section\">\n\t\t\t\t\t\t<div class=\"elementor-container elementor-column-gap-default\">\n\t\t\t\t\t<div class=\"elementor-column elementor-col-50 elementor-inner-column elementor-element elementor-element-323ca34\" data-id=\"323ca34\" data-element_type=\"column\">\n\t\t\t<div class=\"elementor-widget-wrap elementor-element-populated\">\n\t\t\t\t\t\t<div class=\"elementor-element elementor-element-98b89b4 elementor-widget elementor-widget-text-editor\" data-id=\"98b89b4\" data-element_type=\"widget\" data-widget_type=\"text-editor.default\">\n\t\t\t\t<div class=\"elementor-widget-container\">\n\t\t\t\t\t\t\t\t\t<p style=\"text-align: center;\" class=\"translation-block\"><strong>Address<br><\/strong>Globetree\/Globtr\u00e4det<br>Box 2048<br>103 11 Stockholm<br>\nSweden<\/p>\t\t\t\t\t\t\t\t<\/div>\n\t\t\t\t<\/div>\n\t\t\t\t<div class=\"elementor-element elementor-element-4e58981 elementor-widget elementor-widget-text-editor\" data-id=\"4e58981\" data-element_type=\"widget\" data-widget_type=\"text-editor.default\">\n\t\t\t\t<div class=\"elementor-widget-container\">\n\t\t\t\t\t\t\t\t\t<p style=\"text-align: center;\" class=\"translation-block\"><strong>Email<br><\/strong>\nkajsa@globetree.org<br>\nsam@globetree.org<br>\nperoy@globetree.org<\/p>\t\t\t\t\t\t\t\t<\/div>\n\t\t\t\t<\/div>\n\t\t\t\t\t<\/div>\n\t\t<\/div>\n\t\t\t\t<div class=\"elementor-column elementor-col-50 elementor-inner-column elementor-element elementor-element-1db0067\" data-id=\"1db0067\" data-element_type=\"column\">\n\t\t\t<div class=\"elementor-widget-wrap elementor-element-populated\">\n\t\t\t\t\t\t<div class=\"elementor-element elementor-element-5b9814c elementor-widget elementor-widget-text-editor\" data-id=\"5b9814c\" data-element_type=\"widget\" data-widget_type=\"text-editor.default\">\n\t\t\t\t<div class=\"elementor-widget-container\">\n\t\t\t\t\t\t\t\t\t<p style=\"text-align: center;\" class=\"translation-block\"><strong>Mobile<\/strong><br>Kajsa Dahlstr\u00f6m<br>+46 (0)73997 17 88<br>\nPeroy Kirchner<br>\n+46 (0)708 160 987<br>\nSam Samuelsson<br>\n+46 (0)70 553 87 30<\/p>\t\t\t\t\t\t\t\t<\/div>\n\t\t\t\t<\/div>\n\t\t\t\t<div class=\"elementor-element elementor-element-be29553 elementor-widget elementor-widget-text-editor\" data-id=\"be29553\" data-element_type=\"widget\" data-widget_type=\"text-editor.default\">\n\t\t\t\t<div class=\"elementor-widget-container\">\n\t\t\t\t\t\t\t\t\t<p style=\"text-align: center;\" class=\"translation-block\"><strong>Social media<br><\/strong>Facebook<br>Youtube<br><span style=\"font-size: 16px\">Instagram<\/span><\/p>\t\t\t\t\t\t\t\t<\/div>\n\t\t\t\t<\/div>\n\t\t\t\t\t<\/div>\n\t\t<\/div>\n\t\t\t\t\t<\/div>\n\t\t<\/section>\n\t\t\t\t\t<\/div>\n\t\t<\/div>\n\t\t\t\t\t<\/div>\n\t\t<\/section>\n\t\t\t\t<\/div>","protected":false},"excerpt":{"rendered":"<p>Kontakta oss AdressGlobtr\u00e4detBox 2048103 11 Stockholm EpostGlobtr\u00e4detBox 2048103 11 Stockholm MobilKajsa Dahlstr\u00f6m+46 (0)73997 17 88 Social medierFacebookYoutbeInstagram<\/p>","protected":false},"author":1,"featured_media":0,"parent":0,"menu_order":0,"comment_status":"closed","ping_status":"closed","template":"","meta":{"_uag_custom_page_level_css":"","_monsterinsights_skip_tracking":false,"_monsterinsights_sitenote_active":false,"_monsterinsights_sitenote_note":"","_monsterinsights_sitenote_category":0,"footnotes":""},"class_list":["post-15746","page","type-page","status-publish","hentry"],"uagb_featured_image_src":{"full":false,"thumbnail":false,"medium":false,"medium_large":false,"large":false,"1536x1536":false,"2048x2048":false,"trp-custom-language-flag":false},"uagb_author_info":{"display_name":"Peroy","author_link":"https:\/\/globetree.site\/en\/author\/peroy\/"},"uagb_comment_info":0,"uagb_excerpt":"Kontakta oss AdressGlobtr\u00e4detBox 2048103 11 Stockholm EpostGlobtr\u00e4detBox 2048103 11 Stockholm MobilKajsa Dahlstr\u00f6m+46 (0)73997 17 88 Social medierFacebookYoutbeInstagram","_links":{"self":[{"href":"https:\/\/globetree.site\/en\/wp-json\/wp\/v2\/pages\/15746","targetHints":{"allow":["GET"]}}],"collection":[{"href":"https:\/\/globetree.site\/en\/wp-json\/wp\/v2\/pages"}],"about":[{"href":"https:\/\/globetree.site\/en\/wp-json\/wp\/v2\/types\/page"}],"author":[{"embeddable":true,"href":"https:\/\/globetree.site\/en\/wp-json\/wp\/v2\/users\/1"}],"replies":[{"embeddable":true,"href":"https:\/\/globetree.site\/en\/wp-json\/wp\/v2\/comments?post=15746"}],"version-history":[{"count":0,"href":"https:\/\/globetree.site\/en\/wp-json\/wp\/v2\/pages\/15746\/revisions"}],"wp:attachment":[{"href":"https:\/\/globetree.site\/en\/wp-json\/wp\/v2\/media?parent=15746"}],"curies":[{"name":"wp","href":"https:\/\/api.w.org\/{rel}","templated":true}]}}