{"id":16675,"date":"2002-12-31T10:00:24","date_gmt":"2002-12-31T09:00:24","guid":{"rendered":"http:\/\/globetree.site\/?page_id=16675"},"modified":"2020-06-08T18:24:36","modified_gmt":"2020-06-08T16:24:36","slug":"2002-nyheter","status":"publish","type":"page","link":"https:\/\/globetree.site\/en\/2002-nyheter\/","title":{"rendered":"2002 News"},"content":{"rendered":"<div data-elementor-type=\"wp-post\" data-elementor-id=\"16675\" class=\"elementor elementor-16675\" data-elementor-post-type=\"page\">\n\t\t\t\t\t\t<section class=\"elementor-section elementor-top-section elementor-element elementor-element-7ac9ca5 elementor-section-boxed elementor-section-height-default elementor-section-height-default\" data-id=\"7ac9ca5\" data-element_type=\"section\" data-settings=\"{&quot;background_background&quot;:&quot;classic&quot;}\">\n\t\t\t\t\t\t\t<div class=\"elementor-background-overlay\"><\/div>\n\t\t\t\t\t\t\t<div class=\"elementor-container elementor-column-gap-default\">\n\t\t\t\t\t<div class=\"elementor-column elementor-col-33 elementor-top-column elementor-element elementor-element-fc40e94\" data-id=\"fc40e94\" data-element_type=\"column\">\n\t\t\t<div class=\"elementor-widget-wrap\">\n\t\t\t\t\t\t\t<\/div>\n\t\t<\/div>\n\t\t\t\t<div class=\"elementor-column elementor-col-33 elementor-top-column elementor-element elementor-element-90988fe\" data-id=\"90988fe\" data-element_type=\"column\">\n\t\t\t<div class=\"elementor-widget-wrap elementor-element-populated\">\n\t\t\t\t\t\t<div class=\"elementor-element elementor-element-4a1c612 elementor-widget elementor-widget-heading\" data-id=\"4a1c612\" data-element_type=\"widget\" data-widget_type=\"heading.default\">\n\t\t\t\t<div class=\"elementor-widget-container\">\n\t\t\t\t\t<h1 class=\"elementor-heading-title elementor-size-default\">2002 News<\/h1>\t\t\t\t<\/div>\n\t\t\t\t<\/div>\n\t\t\t\t\t<\/div>\n\t\t<\/div>\n\t\t\t\t<div class=\"elementor-column elementor-col-33 elementor-top-column elementor-element elementor-element-919f5c1\" data-id=\"919f5c1\" data-element_type=\"column\">\n\t\t\t<div class=\"elementor-widget-wrap\">\n\t\t\t\t\t\t\t<\/div>\n\t\t<\/div>\n\t\t\t\t\t<\/div>\n\t\t<\/section>\n\t\t\t\t<section class=\"elementor-section elementor-top-section elementor-element elementor-element-7c2ac58 elementor-section-boxed elementor-section-height-default elementor-section-height-default\" data-id=\"7c2ac58\" data-element_type=\"section\">\n\t\t\t\t\t\t<div class=\"elementor-container elementor-column-gap-default\">\n\t\t\t\t\t<div class=\"elementor-column elementor-col-100 elementor-top-column elementor-element elementor-element-dc72485\" data-id=\"dc72485\" data-element_type=\"column\">\n\t\t\t<div class=\"elementor-widget-wrap elementor-element-populated\">\n\t\t\t\t\t\t<div class=\"elementor-element elementor-element-a684eb0 elementor-grid-3 elementor-grid-tablet-2 elementor-grid-mobile-1 elementor-widget elementor-widget-portfolio\" data-id=\"a684eb0\" data-element_type=\"widget\" data-settings=\"{&quot;columns&quot;:&quot;3&quot;,&quot;columns_tablet&quot;:&quot;2&quot;,&quot;columns_mobile&quot;:&quot;1&quot;,&quot;item_ratio&quot;:{&quot;unit&quot;:&quot;px&quot;,&quot;size&quot;:0.66000000000000003108624468950438313186168670654296875,&quot;sizes&quot;:[]},&quot;item_gap&quot;:{&quot;unit&quot;:&quot;px&quot;,&quot;size&quot;:&quot;&quot;,&quot;sizes&quot;:[]},&quot;row_gap&quot;:{&quot;unit&quot;:&quot;px&quot;,&quot;size&quot;:&quot;&quot;,&quot;sizes&quot;:[]}}\" data-widget_type=\"portfolio.default\">\n\t\t\t\t<div class=\"elementor-widget-container\">\n\t\t\t\t\t\t\t<div class=\"elementor-portfolio elementor-grid elementor-posts-container\" role=\"list\">\n\t\t\t\t<article class=\"elementor-portfolio-item elementor-post  post-16067 post type-post status-publish format-standard has-post-thumbnail hentry category-2002-nyheter category-childrens-meeting-place tag-cmp\" role=\"listitem\">\n\t\t\t<a class=\"elementor-post__thumbnail__link\" href=\"https:\/\/globetree.site\/en\/barnens-motesplats-varmdo-2002\/\">\n\t\t\t\t<div class=\"elementor-portfolio-item__img elementor-post__thumbnail\">\n\t\t\t<img fetchpriority=\"high\" decoding=\"async\" width=\"450\" height=\"352\" src=\"https:\/\/globetree.site\/wp-content\/uploads\/2020\/04\/GT-2004-05-Turne-Afrikaner-Va\u0308rmdo\u0308-CMP-3.jpg\" class=\"attachment-medium size-medium wp-image-15562\" alt=\"GT 2004 05 Turne Afrikaner V\u00e4rmd\u00f6\" \/>\t\t<\/div>\n\t\t\t\t<div class=\"elementor-portfolio-item__overlay\">\n\t\t\t\t<h3 class=\"elementor-portfolio-item__title\">\n\t\tChildren's Meeting Place<br>V\u00e4rmd\u00f6 Sweden 2002\t\t<\/h3>\n\t\t\t\t<\/div>\n\t\t\t\t<\/a>\n\t\t<\/article>\n\t\t\t\t<article class=\"elementor-portfolio-item elementor-post  post-16065 post type-post status-publish format-standard has-post-thumbnail hentry category-2002-nyheter category-childrens-meeting-place tag-cmp\" role=\"listitem\">\n\t\t\t<a class=\"elementor-post__thumbnail__link\" href=\"https:\/\/globetree.site\/en\/barnens-motesplats-borlange-2002\/\">\n\t\t\t\t<div class=\"elementor-portfolio-item__img elementor-post__thumbnail\">\n\t\t\t<img decoding=\"async\" width=\"300\" height=\"300\" src=\"https:\/\/globetree.site\/wp-content\/uploads\/2020\/04\/CMP-2002-CMP-Borl\u00e4nge-Childrens-Meeting-Place-Borl\u00e4nge-Bild01-Tr\u00e4det-480x480-1-300x300.jpg\" class=\"attachment-medium size-medium wp-image-13272\" alt=\"CMP 2002 CMP Borl\u00e4nge Childrens Meeting Place Borl\u00e4nge\" srcset=\"https:\/\/globetree.site\/wp-content\/uploads\/2020\/04\/CMP-2002-CMP-Borl\u00e4nge-Childrens-Meeting-Place-Borl\u00e4nge-Bild01-Tr\u00e4det-480x480-1-300x300.jpg 300w, https:\/\/globetree.site\/wp-content\/uploads\/2020\/04\/CMP-2002-CMP-Borl\u00e4nge-Childrens-Meeting-Place-Borl\u00e4nge-Bild01-Tr\u00e4det-480x480-1-150x150.jpg 150w, https:\/\/globetree.site\/wp-content\/uploads\/2020\/04\/CMP-2002-CMP-Borl\u00e4nge-Childrens-Meeting-Place-Borl\u00e4nge-Bild01-Tr\u00e4det-480x480-1.jpg 480w\" sizes=\"(max-width: 300px) 100vw, 300px\" \/>\t\t<\/div>\n\t\t\t\t<div class=\"elementor-portfolio-item__overlay\">\n\t\t\t\t<h3 class=\"elementor-portfolio-item__title\">\n\t\tChildren's Meeting Place<br>Borl\u00e4nge Sweden 2002\t\t<\/h3>\n\t\t\t\t<\/div>\n\t\t\t\t<\/a>\n\t\t<\/article>\n\t\t\t\t<article class=\"elementor-portfolio-item elementor-post  post-16062 post type-post status-publish format-standard has-post-thumbnail hentry category-2002-nyheter category-childrens-meeting-place tag-cmp\" role=\"listitem\">\n\t\t\t<a class=\"elementor-post__thumbnail__link\" href=\"https:\/\/globetree.site\/en\/barnens-motesplats-kalmar-2002\/\">\n\t\t\t\t<div class=\"elementor-portfolio-item__img elementor-post__thumbnail\">\n\t\t\t<img decoding=\"async\" width=\"300\" height=\"300\" src=\"https:\/\/globetree.site\/wp-content\/uploads\/2020\/04\/CMP-2006-CMP-Kalmar-N\u00e4sdukstr\u00e4det-112-480x480-1-300x300.jpg\" class=\"attachment-medium size-medium wp-image-13276\" alt=\"CMP 2006 CMP Kalmar N\u00e4sdukstr\u00e4de\" srcset=\"https:\/\/globetree.site\/wp-content\/uploads\/2020\/04\/CMP-2006-CMP-Kalmar-N\u00e4sdukstr\u00e4det-112-480x480-1-300x300.jpg 300w, https:\/\/globetree.site\/wp-content\/uploads\/2020\/04\/CMP-2006-CMP-Kalmar-N\u00e4sdukstr\u00e4det-112-480x480-1-150x150.jpg 150w, https:\/\/globetree.site\/wp-content\/uploads\/2020\/04\/CMP-2006-CMP-Kalmar-N\u00e4sdukstr\u00e4det-112-480x480-1.jpg 480w\" sizes=\"(max-width: 300px) 100vw, 300px\" \/>\t\t<\/div>\n\t\t\t\t<div class=\"elementor-portfolio-item__overlay\">\n\t\t\t\t<h3 class=\"elementor-portfolio-item__title\">\n\t\tChildren's Meeting Place<br>Kalmar Sweden 2002\t\t<\/h3>\n\t\t\t\t<\/div>\n\t\t\t\t<\/a>\n\t\t<\/article>\n\t\t\t\t<article class=\"elementor-portfolio-item elementor-post  post-16060 post type-post status-publish format-standard has-post-thumbnail hentry category-2002-nyheter category-fs\" role=\"listitem\">\n\t\t\t<a class=\"elementor-post__thumbnail__link\" href=\"https:\/\/globetree.site\/en\/fm-stockholm-2002\/\">\n\t\t\t\t<div class=\"elementor-portfolio-item__img elementor-post__thumbnail\">\n\t\t\t<img loading=\"lazy\" decoding=\"async\" width=\"450\" height=\"338\" src=\"https:\/\/globetree.site\/wp-content\/uploads\/2020\/04\/GT-2002-FM-Fo\u0308resta\u0308llning-Vattenceremoni-robertsfors_fo\u0308resta\u0308llning_inledning_36.jpg\" class=\"attachment-medium size-medium wp-image-15356\" alt=\"\" \/>\t\t<\/div>\n\t\t\t\t<div class=\"elementor-portfolio-item__overlay\">\n\t\t\t\t<h3 class=\"elementor-portfolio-item__title\">\n\t\tFM Stockholm 2002\t\t<\/h3>\n\t\t\t\t<\/div>\n\t\t\t\t<\/a>\n\t\t<\/article>\n\t\t\t\t<article class=\"elementor-portfolio-item elementor-post  post-16058 post type-post status-publish format-standard has-post-thumbnail hentry category-2002-nyheter category-childrens-meeting-place\" role=\"listitem\">\n\t\t\t<a class=\"elementor-post__thumbnail__link\" href=\"https:\/\/globetree.site\/en\/barnens-motesplats-soweto-sydafrika-2002\/\">\n\t\t\t\t<div class=\"elementor-portfolio-item__img elementor-post__thumbnail\">\n\t\t\t<img loading=\"lazy\" decoding=\"async\" width=\"400\" height=\"400\" src=\"https:\/\/globetree.site\/wp-content\/uploads\/2020\/04\/Afrika-2002-08-Soweto-ChildrensMeetingPlaceMargot-Wallstro\u0308m-400x400-1.jpg\" class=\"attachment-medium size-medium wp-image-14981\" alt=\"\" \/>\t\t<\/div>\n\t\t\t\t<div class=\"elementor-portfolio-item__overlay\">\n\t\t\t\t<h3 class=\"elementor-portfolio-item__title\">\n\t\tChildren's Meeting Place<br>Soweto South Africa 2002\t\t<\/h3>\n\t\t\t\t<\/div>\n\t\t\t\t<\/a>\n\t\t<\/article>\n\t\t\t\t<article class=\"elementor-portfolio-item elementor-post  post-16055 post type-post status-publish format-standard has-post-thumbnail hentry category-2002-nyheter\" role=\"listitem\">\n\t\t\t<a class=\"elementor-post__thumbnail__link\" href=\"https:\/\/globetree.site\/en\/malaysia-barn-konferens-2002\/\">\n\t\t\t\t<div class=\"elementor-portfolio-item__img elementor-post__thumbnail\">\n\t\t\t<img loading=\"lazy\" decoding=\"async\" width=\"450\" height=\"338\" src=\"https:\/\/globetree.site\/wp-content\/uploads\/2020\/04\/GT-2002-12-17-Malaysia-Peroy-05.jpg\" class=\"attachment-medium size-medium wp-image-15612\" alt=\"\" \/>\t\t<\/div>\n\t\t\t\t<div class=\"elementor-portfolio-item__overlay\">\n\t\t\t\t<h3 class=\"elementor-portfolio-item__title\">\n\t\tChildren's Conference<br>Malaysia 2002\t\t<\/h3>\n\t\t\t\t<\/div>\n\t\t\t\t<\/a>\n\t\t<\/article>\n\t\t\t\t<article class=\"elementor-portfolio-item elementor-post  post-16052 post type-post status-publish format-standard has-post-thumbnail hentry category-2002-nyheter tag-blandat\" role=\"listitem\">\n\t\t\t<a class=\"elementor-post__thumbnail__link\" href=\"https:\/\/globetree.site\/en\/blandat-2002\/\">\n\t\t\t\t<div class=\"elementor-portfolio-item__img elementor-post__thumbnail\">\n\t\t\t<img loading=\"lazy\" decoding=\"async\" width=\"80\" height=\"80\" src=\"https:\/\/globetree.site\/wp-content\/uploads\/2020\/04\/Logo-globetree-80x80-1.png\" class=\"attachment-medium size-medium wp-image-13422\" alt=\"\" srcset=\"https:\/\/globetree.site\/wp-content\/uploads\/2020\/04\/Logo-globetree-80x80-1.png 80w, https:\/\/globetree.site\/wp-content\/uploads\/2020\/04\/Logo-globetree-80x80-1-12x12.png 12w\" sizes=\"(max-width: 80px) 100vw, 80px\" \/>\t\t<\/div>\n\t\t\t\t<div class=\"elementor-portfolio-item__overlay\">\n\t\t\t\t<h3 class=\"elementor-portfolio-item__title\">\n\t\tMixed 2002\t\t<\/h3>\n\t\t\t\t<\/div>\n\t\t\t\t<\/a>\n\t\t<\/article>\n\t\t\t\t<article class=\"elementor-portfolio-item elementor-post  post-21162 post type-post status-publish format-standard has-post-thumbnail hentry category-2002-nyheter category-childrens-meeting-place tag-entebbe tag-uganda\" role=\"listitem\">\n\t\t\t<a class=\"elementor-post__thumbnail__link\" href=\"https:\/\/globetree.site\/en\/barnens-motesplats-entebbe-uganda-2002\/\">\n\t\t\t\t<div class=\"elementor-portfolio-item__img elementor-post__thumbnail\">\n\t\t\t<img loading=\"lazy\" decoding=\"async\" width=\"450\" height=\"450\" src=\"https:\/\/globetree.site\/wp-content\/uploads\/2020\/05\/cmp_entebbe_800x800.jpg\" class=\"attachment-medium size-medium wp-image-16812\" alt=\"\" \/>\t\t<\/div>\n\t\t\t\t<div class=\"elementor-portfolio-item__overlay\">\n\t\t\t\t<h3 class=\"elementor-portfolio-item__title\">\n\t\tBarnens M\u00f6tesplats Entebbe Uganda 2002\t\t<\/h3>\n\t\t\t\t<\/div>\n\t\t\t\t<\/a>\n\t\t<\/article>\n\t\t\t\t<\/div>\n\t\t\t\t\t\t<\/div>\n\t\t\t\t<\/div>\n\t\t\t\t\t<\/div>\n\t\t<\/div>\n\t\t\t\t\t<\/div>\n\t\t<\/section>\n\t\t\t\t<\/div>","protected":false},"excerpt":{"rendered":"<p>2002 News<\/p>","protected":false},"author":1,"featured_media":0,"parent":0,"menu_order":0,"comment_status":"closed","ping_status":"closed","template":"","meta":{"_uag_custom_page_level_css":"","_monsterinsights_skip_tracking":false,"_monsterinsights_sitenote_active":false,"_monsterinsights_sitenote_note":"","_monsterinsights_sitenote_category":0,"footnotes":""},"class_list":["post-16675","page","type-page","status-publish","hentry"],"uagb_featured_image_src":{"full":false,"thumbnail":false,"medium":false,"medium_large":false,"large":false,"1536x1536":false,"2048x2048":false,"trp-custom-language-flag":false},"uagb_author_info":{"display_name":"Peroy","author_link":"https:\/\/globetree.site\/en\/author\/peroy\/"},"uagb_comment_info":0,"uagb_excerpt":"2002 Nyheter","_links":{"self":[{"href":"https:\/\/globetree.site\/en\/wp-json\/wp\/v2\/pages\/16675","targetHints":{"allow":["GET"]}}],"collection":[{"href":"https:\/\/globetree.site\/en\/wp-json\/wp\/v2\/pages"}],"about":[{"href":"https:\/\/globetree.site\/en\/wp-json\/wp\/v2\/types\/page"}],"author":[{"embeddable":true,"href":"https:\/\/globetree.site\/en\/wp-json\/wp\/v2\/users\/1"}],"replies":[{"embeddable":true,"href":"https:\/\/globetree.site\/en\/wp-json\/wp\/v2\/comments?post=16675"}],"version-history":[{"count":0,"href":"https:\/\/globetree.site\/en\/wp-json\/wp\/v2\/pages\/16675\/revisions"}],"wp:attachment":[{"href":"https:\/\/globetree.site\/en\/wp-json\/wp\/v2\/media?parent=16675"}],"curies":[{"name":"wp","href":"https:\/\/api.w.org\/{rel}","templated":true}]}}