{"id":17907,"date":"1975-12-31T10:00:54","date_gmt":"1975-12-31T09:00:54","guid":{"rendered":"https:\/\/globetree.site\/?page_id=17907"},"modified":"2020-07-09T16:02:31","modified_gmt":"2020-07-09T14:02:31","slug":"1975-nyheter","status":"publish","type":"page","link":"https:\/\/globetree.site\/en\/1975-nyheter\/","title":{"rendered":"1975 Nyheter"},"content":{"rendered":"<div data-elementor-type=\"wp-post\" data-elementor-id=\"17907\" class=\"elementor elementor-17907\" data-elementor-post-type=\"page\">\n\t\t\t\t\t\t<section class=\"elementor-section elementor-top-section elementor-element elementor-element-7ac9ca5 elementor-section-boxed elementor-section-height-default elementor-section-height-default\" data-id=\"7ac9ca5\" data-element_type=\"section\" data-settings=\"{&quot;background_background&quot;:&quot;classic&quot;}\">\n\t\t\t\t\t\t\t<div class=\"elementor-background-overlay\"><\/div>\n\t\t\t\t\t\t\t<div class=\"elementor-container elementor-column-gap-default\">\n\t\t\t\t\t<div class=\"elementor-column elementor-col-33 elementor-top-column elementor-element elementor-element-fc40e94\" data-id=\"fc40e94\" data-element_type=\"column\">\n\t\t\t<div class=\"elementor-widget-wrap\">\n\t\t\t\t\t\t\t<\/div>\n\t\t<\/div>\n\t\t\t\t<div class=\"elementor-column elementor-col-33 elementor-top-column elementor-element elementor-element-90988fe\" data-id=\"90988fe\" data-element_type=\"column\">\n\t\t\t<div class=\"elementor-widget-wrap elementor-element-populated\">\n\t\t\t\t\t\t<div class=\"elementor-element elementor-element-4a1c612 elementor-widget elementor-widget-heading\" data-id=\"4a1c612\" data-element_type=\"widget\" data-widget_type=\"heading.default\">\n\t\t\t\t<div class=\"elementor-widget-container\">\n\t\t\t\t\t<h1 class=\"elementor-heading-title elementor-size-default\">1975 Nyheter<\/h1>\t\t\t\t<\/div>\n\t\t\t\t<\/div>\n\t\t\t\t\t<\/div>\n\t\t<\/div>\n\t\t\t\t<div class=\"elementor-column elementor-col-33 elementor-top-column elementor-element elementor-element-919f5c1\" data-id=\"919f5c1\" data-element_type=\"column\">\n\t\t\t<div class=\"elementor-widget-wrap\">\n\t\t\t\t\t\t\t<\/div>\n\t\t<\/div>\n\t\t\t\t\t<\/div>\n\t\t<\/section>\n\t\t\t\t<section class=\"elementor-section elementor-top-section elementor-element elementor-element-7c2ac58 elementor-section-boxed elementor-section-height-default elementor-section-height-default\" data-id=\"7c2ac58\" data-element_type=\"section\">\n\t\t\t\t\t\t<div class=\"elementor-container elementor-column-gap-default\">\n\t\t\t\t\t<div class=\"elementor-column elementor-col-100 elementor-top-column elementor-element elementor-element-dc72485\" data-id=\"dc72485\" data-element_type=\"column\">\n\t\t\t<div class=\"elementor-widget-wrap elementor-element-populated\">\n\t\t\t\t\t\t<div class=\"elementor-element elementor-element-a684eb0 elementor-grid-3 elementor-grid-tablet-2 elementor-grid-mobile-1 elementor-widget elementor-widget-portfolio\" data-id=\"a684eb0\" data-element_type=\"widget\" data-settings=\"{&quot;columns&quot;:&quot;3&quot;,&quot;columns_tablet&quot;:&quot;2&quot;,&quot;columns_mobile&quot;:&quot;1&quot;,&quot;item_ratio&quot;:{&quot;unit&quot;:&quot;px&quot;,&quot;size&quot;:0.66000000000000003108624468950438313186168670654296875,&quot;sizes&quot;:[]},&quot;item_gap&quot;:{&quot;unit&quot;:&quot;px&quot;,&quot;size&quot;:&quot;&quot;,&quot;sizes&quot;:[]},&quot;row_gap&quot;:{&quot;unit&quot;:&quot;px&quot;,&quot;size&quot;:&quot;&quot;,&quot;sizes&quot;:[]}}\" data-widget_type=\"portfolio.default\">\n\t\t\t\t<div class=\"elementor-widget-container\">\n\t\t\t\t\t\t\t<div class=\"elementor-portfolio elementor-grid elementor-posts-container\" role=\"list\">\n\t\t\t\t<article class=\"elementor-portfolio-item elementor-post  post-17960 post type-post status-publish format-standard has-post-thumbnail hentry category-1975-nyheter\" role=\"listitem\">\n\t\t\t<a class=\"elementor-post__thumbnail__link\" href=\"https:\/\/globetree.site\/en\/utstallningen-vem-ar-sama-fran-ghana-1975\/\">\n\t\t\t\t<div class=\"elementor-portfolio-item__img elementor-post__thumbnail\">\n\t\t\t<img fetchpriority=\"high\" decoding=\"async\" width=\"315\" height=\"450\" src=\"https:\/\/globetree.site\/wp-content\/uploads\/2020\/07\/1975_studiehafte_vem_sama_ghana800pix.jpg\" class=\"attachment-medium size-medium wp-image-17845\" alt=\"\" \/>\t\t<\/div>\n\t\t\t\t<div class=\"elementor-portfolio-item__overlay\">\n\t\t\t\t<h3 class=\"elementor-portfolio-item__title\">\n\t\tUtst\u00e4llningen &#8220;Vem \u00e4r Sama fr\u00e5n Ghana&#8221; 1975\t\t<\/h3>\n\t\t\t\t<\/div>\n\t\t\t\t<\/a>\n\t\t<\/article>\n\t\t\t\t<article class=\"elementor-portfolio-item elementor-post  post-17961 post type-post status-publish format-standard has-post-thumbnail hentry category-1975-nyheter tag-teater\" role=\"listitem\">\n\t\t\t<a class=\"elementor-post__thumbnail__link\" href=\"https:\/\/globetree.site\/en\/premiere-frihet-1975\/\">\n\t\t\t\t<div class=\"elementor-portfolio-item__img elementor-post__thumbnail\">\n\t\t\t<img decoding=\"async\" width=\"299\" height=\"450\" src=\"https:\/\/globetree.site\/wp-content\/uploads\/2020\/07\/1976_programblad_frihet800pix.jpg\" class=\"attachment-medium size-medium wp-image-17848\" alt=\"\" \/>\t\t<\/div>\n\t\t\t\t<div class=\"elementor-portfolio-item__overlay\">\n\t\t\t\t<h3 class=\"elementor-portfolio-item__title\">\n\t\tPremiere Frihet 1975\t\t<\/h3>\n\t\t\t\t<\/div>\n\t\t\t\t<\/a>\n\t\t<\/article>\n\t\t\t\t<article class=\"elementor-portfolio-item elementor-post  post-17959 post type-post status-publish format-standard has-post-thumbnail hentry category-1975-nyheter\" role=\"listitem\">\n\t\t\t<a class=\"elementor-post__thumbnail__link\" href=\"https:\/\/globetree.site\/en\/flytt-till-bergsgatan-1975\/\">\n\t\t\t\t<div class=\"elementor-portfolio-item__img elementor-post__thumbnail\">\n\t\t\t<img decoding=\"async\" width=\"383\" height=\"450\" src=\"https:\/\/globetree.site\/wp-content\/uploads\/2020\/07\/1974_artikel_afrikaveckan_helsingborgs_dagblad800pix.jpg\" class=\"attachment-medium size-medium wp-image-17837\" alt=\"\" \/>\t\t<\/div>\n\t\t\t\t<div class=\"elementor-portfolio-item__overlay\">\n\t\t\t\t<h3 class=\"elementor-portfolio-item__title\">\n\t\tFlytt till Bergsgatan 1975\t\t<\/h3>\n\t\t\t\t<\/div>\n\t\t\t\t<\/a>\n\t\t<\/article>\n\t\t\t\t<article class=\"elementor-portfolio-item elementor-post  post-17957 post type-post status-publish format-standard has-post-thumbnail hentry category-1975-nyheter\" role=\"listitem\">\n\t\t\t<a class=\"elementor-post__thumbnail__link\" href=\"https:\/\/globetree.site\/en\/blandat-1975\/\">\n\t\t\t\t<div class=\"elementor-portfolio-item__img elementor-post__thumbnail\">\n\t\t\t<img loading=\"lazy\" decoding=\"async\" width=\"362\" height=\"450\" src=\"https:\/\/globetree.site\/wp-content\/uploads\/2020\/07\/1975_artikel_kronobergaren800pix.jpg\" class=\"attachment-medium size-medium wp-image-17843\" alt=\"\" \/>\t\t<\/div>\n\t\t\t\t<div class=\"elementor-portfolio-item__overlay\">\n\t\t\t\t<h3 class=\"elementor-portfolio-item__title\">\n\t\tBlandat 1975\t\t<\/h3>\n\t\t\t\t<\/div>\n\t\t\t\t<\/a>\n\t\t<\/article>\n\t\t\t\t<\/div>\n\t\t\t\t\t\t<\/div>\n\t\t\t\t<\/div>\n\t\t\t\t\t<\/div>\n\t\t<\/div>\n\t\t\t\t\t<\/div>\n\t\t<\/section>\n\t\t\t\t<\/div>","protected":false},"excerpt":{"rendered":"<p>1975 Nyheter<\/p>","protected":false},"author":1,"featured_media":17845,"parent":0,"menu_order":0,"comment_status":"closed","ping_status":"closed","template":"","meta":{"_uag_custom_page_level_css":"","_monsterinsights_skip_tracking":false,"_monsterinsights_sitenote_active":false,"_monsterinsights_sitenote_note":"","_monsterinsights_sitenote_category":0,"footnotes":""},"class_list":["post-17907","page","type-page","status-publish","has-post-thumbnail","hentry"],"uagb_featured_image_src":{"full":["https:\/\/globetree.site\/wp-content\/uploads\/2020\/07\/1975_studiehafte_vem_sama_ghana800pix.jpg",800,1143,false],"thumbnail":["https:\/\/globetree.site\/wp-content\/uploads\/2020\/07\/1975_studiehafte_vem_sama_ghana800pix.jpg",105,150,false],"medium":["https:\/\/globetree.site\/wp-content\/uploads\/2020\/07\/1975_studiehafte_vem_sama_ghana800pix.jpg",315,450,false],"medium_large":["https:\/\/globetree.site\/wp-content\/uploads\/2020\/07\/1975_studiehafte_vem_sama_ghana800pix.jpg",768,1097,false],"large":["https:\/\/globetree.site\/wp-content\/uploads\/2020\/07\/1975_studiehafte_vem_sama_ghana800pix.jpg",717,1024,false],"1536x1536":["https:\/\/globetree.site\/wp-content\/uploads\/2020\/07\/1975_studiehafte_vem_sama_ghana800pix.jpg",800,1143,false],"2048x2048":["https:\/\/globetree.site\/wp-content\/uploads\/2020\/07\/1975_studiehafte_vem_sama_ghana800pix.jpg",800,1143,false],"trp-custom-language-flag":["https:\/\/globetree.site\/wp-content\/uploads\/2020\/07\/1975_studiehafte_vem_sama_ghana800pix.jpg",8,12,false]},"uagb_author_info":{"display_name":"Peroy","author_link":"https:\/\/globetree.site\/en\/author\/peroy\/"},"uagb_comment_info":0,"uagb_excerpt":"1975 Nyheter","_links":{"self":[{"href":"https:\/\/globetree.site\/en\/wp-json\/wp\/v2\/pages\/17907","targetHints":{"allow":["GET"]}}],"collection":[{"href":"https:\/\/globetree.site\/en\/wp-json\/wp\/v2\/pages"}],"about":[{"href":"https:\/\/globetree.site\/en\/wp-json\/wp\/v2\/types\/page"}],"author":[{"embeddable":true,"href":"https:\/\/globetree.site\/en\/wp-json\/wp\/v2\/users\/1"}],"replies":[{"embeddable":true,"href":"https:\/\/globetree.site\/en\/wp-json\/wp\/v2\/comments?post=17907"}],"version-history":[{"count":0,"href":"https:\/\/globetree.site\/en\/wp-json\/wp\/v2\/pages\/17907\/revisions"}],"wp:featuredmedia":[{"embeddable":true,"href":"https:\/\/globetree.site\/en\/wp-json\/wp\/v2\/media\/17845"}],"wp:attachment":[{"href":"https:\/\/globetree.site\/en\/wp-json\/wp\/v2\/media?parent=17907"}],"curies":[{"name":"wp","href":"https:\/\/api.w.org\/{rel}","templated":true}]}}