{"id":17916,"date":"1972-12-31T10:00:41","date_gmt":"1972-12-31T09:00:41","guid":{"rendered":"https:\/\/globetree.site\/?page_id=17916"},"modified":"2020-07-09T16:16:14","modified_gmt":"2020-07-09T14:16:14","slug":"1972-nyheter","status":"publish","type":"page","link":"https:\/\/globetree.site\/en\/1972-nyheter\/","title":{"rendered":"1972 Nyheter"},"content":{"rendered":"<div data-elementor-type=\"wp-post\" data-elementor-id=\"17916\" class=\"elementor elementor-17916\" data-elementor-post-type=\"page\">\n\t\t\t\t\t\t<section class=\"elementor-section elementor-top-section elementor-element elementor-element-7ac9ca5 elementor-section-boxed elementor-section-height-default elementor-section-height-default\" data-id=\"7ac9ca5\" data-element_type=\"section\" data-settings=\"{&quot;background_background&quot;:&quot;classic&quot;}\">\n\t\t\t\t\t\t\t<div class=\"elementor-background-overlay\"><\/div>\n\t\t\t\t\t\t\t<div class=\"elementor-container elementor-column-gap-default\">\n\t\t\t\t\t<div class=\"elementor-column elementor-col-33 elementor-top-column elementor-element elementor-element-fc40e94\" data-id=\"fc40e94\" data-element_type=\"column\">\n\t\t\t<div class=\"elementor-widget-wrap\">\n\t\t\t\t\t\t\t<\/div>\n\t\t<\/div>\n\t\t\t\t<div class=\"elementor-column elementor-col-33 elementor-top-column elementor-element elementor-element-90988fe\" data-id=\"90988fe\" data-element_type=\"column\">\n\t\t\t<div class=\"elementor-widget-wrap elementor-element-populated\">\n\t\t\t\t\t\t<div class=\"elementor-element elementor-element-4a1c612 elementor-widget elementor-widget-heading\" data-id=\"4a1c612\" data-element_type=\"widget\" data-widget_type=\"heading.default\">\n\t\t\t\t<div class=\"elementor-widget-container\">\n\t\t\t\t\t<h1 class=\"elementor-heading-title elementor-size-default\">1972 Nyheter<\/h1>\t\t\t\t<\/div>\n\t\t\t\t<\/div>\n\t\t\t\t\t<\/div>\n\t\t<\/div>\n\t\t\t\t<div class=\"elementor-column elementor-col-33 elementor-top-column elementor-element elementor-element-919f5c1\" data-id=\"919f5c1\" data-element_type=\"column\">\n\t\t\t<div class=\"elementor-widget-wrap\">\n\t\t\t\t\t\t\t<\/div>\n\t\t<\/div>\n\t\t\t\t\t<\/div>\n\t\t<\/section>\n\t\t\t\t<section class=\"elementor-section elementor-top-section elementor-element elementor-element-7c2ac58 elementor-section-boxed elementor-section-height-default elementor-section-height-default\" data-id=\"7c2ac58\" data-element_type=\"section\">\n\t\t\t\t\t\t<div class=\"elementor-container elementor-column-gap-default\">\n\t\t\t\t\t<div class=\"elementor-column elementor-col-100 elementor-top-column elementor-element elementor-element-dc72485\" data-id=\"dc72485\" data-element_type=\"column\">\n\t\t\t<div class=\"elementor-widget-wrap elementor-element-populated\">\n\t\t\t\t\t\t<div class=\"elementor-element elementor-element-a684eb0 elementor-grid-3 elementor-grid-tablet-2 elementor-grid-mobile-1 elementor-widget elementor-widget-portfolio\" data-id=\"a684eb0\" data-element_type=\"widget\" data-settings=\"{&quot;columns&quot;:&quot;3&quot;,&quot;columns_tablet&quot;:&quot;2&quot;,&quot;columns_mobile&quot;:&quot;1&quot;,&quot;item_ratio&quot;:{&quot;unit&quot;:&quot;px&quot;,&quot;size&quot;:0.66000000000000003108624468950438313186168670654296875,&quot;sizes&quot;:[]},&quot;item_gap&quot;:{&quot;unit&quot;:&quot;px&quot;,&quot;size&quot;:&quot;&quot;,&quot;sizes&quot;:[]},&quot;row_gap&quot;:{&quot;unit&quot;:&quot;px&quot;,&quot;size&quot;:&quot;&quot;,&quot;sizes&quot;:[]}}\" data-widget_type=\"portfolio.default\">\n\t\t\t\t<div class=\"elementor-widget-container\">\n\t\t\t\t\t\t\t<div class=\"elementor-portfolio elementor-grid elementor-posts-container\" role=\"list\">\n\t\t\t\t<article class=\"elementor-portfolio-item elementor-post  post-18013 post type-post status-publish format-standard has-post-thumbnail hentry category-1972-nyheter tag-teater\" role=\"listitem\">\n\t\t\t<a class=\"elementor-post__thumbnail__link\" href=\"https:\/\/globetree.site\/en\/kom-sa-aker-vi-till-barn-i-andra-lander-1972\/\">\n\t\t\t\t<div class=\"elementor-portfolio-item__img elementor-post__thumbnail\">\n\t\t\t<img fetchpriority=\"high\" decoding=\"async\" width=\"352\" height=\"450\" src=\"https:\/\/globetree.site\/wp-content\/uploads\/2020\/07\/1972_artikel_helsingborg_kom_s\u00e5_aker_vi800pix.jpg\" class=\"attachment-medium size-medium wp-image-17828\" alt=\"\" \/>\t\t<\/div>\n\t\t\t\t<div class=\"elementor-portfolio-item__overlay\">\n\t\t\t\t<h3 class=\"elementor-portfolio-item__title\">\n\t\tKom s\u00e5 \u00e5ker vi till barn i andra l\u00e4nder 1972\t\t<\/h3>\n\t\t\t\t<\/div>\n\t\t\t\t<\/a>\n\t\t<\/article>\n\t\t\t\t<article class=\"elementor-portfolio-item elementor-post  post-18011 post type-post status-publish format-standard has-post-thumbnail hentry category-1972-nyheter tag-teater\" role=\"listitem\">\n\t\t\t<a class=\"elementor-post__thumbnail__link\" href=\"https:\/\/globetree.site\/en\/granslost-1972\/\">\n\t\t\t\t<div class=\"elementor-portfolio-item__img elementor-post__thumbnail\">\n\t\t\t<img decoding=\"async\" width=\"317\" height=\"450\" src=\"https:\/\/globetree.site\/wp-content\/uploads\/2020\/07\/1972_artikel_barnens_sagogrotta800pix.jpg\" class=\"attachment-medium size-medium wp-image-17827\" alt=\"\" \/>\t\t<\/div>\n\t\t\t\t<div class=\"elementor-portfolio-item__overlay\">\n\t\t\t\t<h3 class=\"elementor-portfolio-item__title\">\n\t\tGr\u00e4nsl\u00f6st 1972\t\t<\/h3>\n\t\t\t\t<\/div>\n\t\t\t\t<\/a>\n\t\t<\/article>\n\t\t\t\t<article class=\"elementor-portfolio-item elementor-post  post-18017 post type-post status-publish format-standard has-post-thumbnail hentry category-1972-nyheter tag-teater\" role=\"listitem\">\n\t\t\t<a class=\"elementor-post__thumbnail__link\" href=\"https:\/\/globetree.site\/en\/att-na-varldens-ande-1972\/\">\n\t\t\t\t<div class=\"elementor-portfolio-item__img elementor-post__thumbnail\">\n\t\t\t<img decoding=\"async\" width=\"450\" height=\"282\" src=\"https:\/\/globetree.site\/wp-content\/uploads\/2020\/07\/1971_landskap_peroy1200pix.jpg\" class=\"attachment-medium size-medium wp-image-17820\" alt=\"\" \/>\t\t<\/div>\n\t\t\t\t<div class=\"elementor-portfolio-item__overlay\">\n\t\t\t\t<h3 class=\"elementor-portfolio-item__title\">\n\t\tAtt n\u00e5 v\u00e4rldens \u00e4nde 1972\t\t<\/h3>\n\t\t\t\t<\/div>\n\t\t\t\t<\/a>\n\t\t<\/article>\n\t\t\t\t<article class=\"elementor-portfolio-item elementor-post  post-18009 post type-post status-publish format-standard has-post-thumbnail hentry category-1972-nyheter\" role=\"listitem\">\n\t\t\t<a class=\"elementor-post__thumbnail__link\" href=\"https:\/\/globetree.site\/en\/blandat-1972\/\">\n\t\t\t\t<div class=\"elementor-portfolio-item__img elementor-post__thumbnail\">\n\t\t\t<img loading=\"lazy\" decoding=\"async\" width=\"385\" height=\"450\" src=\"https:\/\/globetree.site\/wp-content\/uploads\/2020\/07\/1972_arbogaflicka_aterbes\u00f6k800px.jpg\" class=\"attachment-medium size-medium wp-image-17826\" alt=\"\" \/>\t\t<\/div>\n\t\t\t\t<div class=\"elementor-portfolio-item__overlay\">\n\t\t\t\t<h3 class=\"elementor-portfolio-item__title\">\n\t\tBlandat 1972\t\t<\/h3>\n\t\t\t\t<\/div>\n\t\t\t\t<\/a>\n\t\t<\/article>\n\t\t\t\t<\/div>\n\t\t\t\t\t\t<\/div>\n\t\t\t\t<\/div>\n\t\t\t\t\t<\/div>\n\t\t<\/div>\n\t\t\t\t\t<\/div>\n\t\t<\/section>\n\t\t\t\t<\/div>","protected":false},"excerpt":{"rendered":"<p>1972 Nyheter<\/p>","protected":false},"author":1,"featured_media":17826,"parent":0,"menu_order":0,"comment_status":"closed","ping_status":"closed","template":"","meta":{"_uag_custom_page_level_css":"","_monsterinsights_skip_tracking":false,"_monsterinsights_sitenote_active":false,"_monsterinsights_sitenote_note":"","_monsterinsights_sitenote_category":0,"footnotes":""},"class_list":["post-17916","page","type-page","status-publish","has-post-thumbnail","hentry"],"uagb_featured_image_src":{"full":["https:\/\/globetree.site\/wp-content\/uploads\/2020\/07\/1972_arbogaflicka_aterbes\u00f6k800px.jpg",800,936,false],"thumbnail":["https:\/\/globetree.site\/wp-content\/uploads\/2020\/07\/1972_arbogaflicka_aterbes\u00f6k800px.jpg",128,150,false],"medium":["https:\/\/globetree.site\/wp-content\/uploads\/2020\/07\/1972_arbogaflicka_aterbes\u00f6k800px.jpg",385,450,false],"medium_large":["https:\/\/globetree.site\/wp-content\/uploads\/2020\/07\/1972_arbogaflicka_aterbes\u00f6k800px.jpg",768,899,false],"large":["https:\/\/globetree.site\/wp-content\/uploads\/2020\/07\/1972_arbogaflicka_aterbes\u00f6k800px.jpg",800,936,false],"1536x1536":["https:\/\/globetree.site\/wp-content\/uploads\/2020\/07\/1972_arbogaflicka_aterbes\u00f6k800px.jpg",800,936,false],"2048x2048":["https:\/\/globetree.site\/wp-content\/uploads\/2020\/07\/1972_arbogaflicka_aterbes\u00f6k800px.jpg",800,936,false],"trp-custom-language-flag":["https:\/\/globetree.site\/wp-content\/uploads\/2020\/07\/1972_arbogaflicka_aterbes\u00f6k800px.jpg",10,12,false]},"uagb_author_info":{"display_name":"Peroy","author_link":"https:\/\/globetree.site\/en\/author\/peroy\/"},"uagb_comment_info":0,"uagb_excerpt":"1972 Nyheter","_links":{"self":[{"href":"https:\/\/globetree.site\/en\/wp-json\/wp\/v2\/pages\/17916","targetHints":{"allow":["GET"]}}],"collection":[{"href":"https:\/\/globetree.site\/en\/wp-json\/wp\/v2\/pages"}],"about":[{"href":"https:\/\/globetree.site\/en\/wp-json\/wp\/v2\/types\/page"}],"author":[{"embeddable":true,"href":"https:\/\/globetree.site\/en\/wp-json\/wp\/v2\/users\/1"}],"replies":[{"embeddable":true,"href":"https:\/\/globetree.site\/en\/wp-json\/wp\/v2\/comments?post=17916"}],"version-history":[{"count":0,"href":"https:\/\/globetree.site\/en\/wp-json\/wp\/v2\/pages\/17916\/revisions"}],"wp:featuredmedia":[{"embeddable":true,"href":"https:\/\/globetree.site\/en\/wp-json\/wp\/v2\/media\/17826"}],"wp:attachment":[{"href":"https:\/\/globetree.site\/en\/wp-json\/wp\/v2\/media?parent=17916"}],"curies":[{"name":"wp","href":"https:\/\/api.w.org\/{rel}","templated":true}]}}