{"id":20657,"date":"2021-12-31T10:00:30","date_gmt":"2021-12-31T09:00:30","guid":{"rendered":"https:\/\/globetree.site\/?page_id=20657"},"modified":"2022-10-10T09:40:31","modified_gmt":"2022-10-10T07:40:31","slug":"2021-nyheter","status":"publish","type":"page","link":"https:\/\/globetree.site\/en\/2021-nyheter\/","title":{"rendered":"2021 News"},"content":{"rendered":"<div data-elementor-type=\"wp-post\" data-elementor-id=\"20657\" class=\"elementor elementor-20657\" data-elementor-post-type=\"page\">\n\t\t\t\t\t\t<section class=\"elementor-section elementor-top-section elementor-element elementor-element-7ac9ca5 elementor-section-boxed elementor-section-height-default elementor-section-height-default\" data-id=\"7ac9ca5\" data-element_type=\"section\" data-settings=\"{&quot;background_background&quot;:&quot;classic&quot;}\">\n\t\t\t\t\t\t\t<div class=\"elementor-background-overlay\"><\/div>\n\t\t\t\t\t\t\t<div class=\"elementor-container elementor-column-gap-default\">\n\t\t\t\t\t<div class=\"elementor-column elementor-col-33 elementor-top-column elementor-element elementor-element-fc40e94\" data-id=\"fc40e94\" data-element_type=\"column\">\n\t\t\t<div class=\"elementor-widget-wrap\">\n\t\t\t\t\t\t\t<\/div>\n\t\t<\/div>\n\t\t\t\t<div class=\"elementor-column elementor-col-33 elementor-top-column elementor-element elementor-element-90988fe\" data-id=\"90988fe\" data-element_type=\"column\">\n\t\t\t<div class=\"elementor-widget-wrap elementor-element-populated\">\n\t\t\t\t\t\t<div class=\"elementor-element elementor-element-4a1c612 elementor-widget elementor-widget-heading\" data-id=\"4a1c612\" data-element_type=\"widget\" data-widget_type=\"heading.default\">\n\t\t\t\t<div class=\"elementor-widget-container\">\n\t\t\t\t\t<h1 class=\"elementor-heading-title elementor-size-default\">2021 News<\/h1>\t\t\t\t<\/div>\n\t\t\t\t<\/div>\n\t\t\t\t\t<\/div>\n\t\t<\/div>\n\t\t\t\t<div class=\"elementor-column elementor-col-33 elementor-top-column elementor-element elementor-element-919f5c1\" data-id=\"919f5c1\" data-element_type=\"column\">\n\t\t\t<div class=\"elementor-widget-wrap\">\n\t\t\t\t\t\t\t<\/div>\n\t\t<\/div>\n\t\t\t\t\t<\/div>\n\t\t<\/section>\n\t\t\t\t<section class=\"elementor-section elementor-top-section elementor-element elementor-element-7c2ac58 elementor-section-boxed elementor-section-height-default elementor-section-height-default\" data-id=\"7c2ac58\" data-element_type=\"section\">\n\t\t\t\t\t\t<div class=\"elementor-container elementor-column-gap-default\">\n\t\t\t\t\t<div class=\"elementor-column elementor-col-100 elementor-top-column elementor-element elementor-element-dc72485\" data-id=\"dc72485\" data-element_type=\"column\">\n\t\t\t<div class=\"elementor-widget-wrap elementor-element-populated\">\n\t\t\t\t\t\t<div class=\"elementor-element elementor-element-a684eb0 elementor-grid-3 elementor-grid-tablet-2 elementor-grid-mobile-1 elementor-widget elementor-widget-portfolio\" data-id=\"a684eb0\" data-element_type=\"widget\" data-settings=\"{&quot;columns&quot;:&quot;3&quot;,&quot;columns_tablet&quot;:&quot;2&quot;,&quot;columns_mobile&quot;:&quot;1&quot;,&quot;item_ratio&quot;:{&quot;unit&quot;:&quot;px&quot;,&quot;size&quot;:0.66000000000000003108624468950438313186168670654296875,&quot;sizes&quot;:[]},&quot;item_gap&quot;:{&quot;unit&quot;:&quot;px&quot;,&quot;size&quot;:&quot;&quot;,&quot;sizes&quot;:[]},&quot;row_gap&quot;:{&quot;unit&quot;:&quot;px&quot;,&quot;size&quot;:&quot;&quot;,&quot;sizes&quot;:[]}}\" data-widget_type=\"portfolio.default\">\n\t\t\t\t<div class=\"elementor-widget-container\">\n\t\t\t\t\t\t\t<div class=\"elementor-portfolio elementor-grid elementor-posts-container\" role=\"list\">\n\t\t\t\t<article class=\"elementor-portfolio-item elementor-post  post-20637 post type-post status-publish format-standard has-post-thumbnail hentry category-2021-nyheter category-childrens-meeting-place category-studieresor tag-cmp tag-kenya\" role=\"listitem\">\n\t\t\t<a class=\"elementor-post__thumbnail__link\" href=\"https:\/\/globetree.site\/en\/20-years-childrens-meeting-place-pa-fn-med-cnn\/\">\n\t\t\t\t<div class=\"elementor-portfolio-item__img elementor-post__thumbnail\">\n\t\t\t<img fetchpriority=\"high\" decoding=\"async\" width=\"380\" height=\"350\" src=\"https:\/\/globetree.site\/wp-content\/uploads\/2022\/10\/afrika-2021-11-10-cmp-380x350-1.jpg\" class=\"attachment-medium size-medium wp-image-20640\" alt=\"\" srcset=\"https:\/\/globetree.site\/wp-content\/uploads\/2022\/10\/afrika-2021-11-10-cmp-380x350-1.jpg 380w, https:\/\/globetree.site\/wp-content\/uploads\/2022\/10\/afrika-2021-11-10-cmp-380x350-1-13x12.jpg 13w\" sizes=\"(max-width: 380px) 100vw, 380px\" \/>\t\t<\/div>\n\t\t\t\t<div class=\"elementor-portfolio-item__overlay\">\n\t\t\t\t<h3 class=\"elementor-portfolio-item__title\">\n\t\t20 years Children&#8217;s Meeting Place p\u00e5 FN med CNN\t\t<\/h3>\n\t\t\t\t<\/div>\n\t\t\t\t<\/a>\n\t\t<\/article>\n\t\t\t\t<article class=\"elementor-portfolio-item elementor-post  post-18210 post type-post status-publish format-standard has-post-thumbnail hentry category-2021-nyheter category-childrens-meeting-place tag-ockero\" role=\"listitem\">\n\t\t\t<a class=\"elementor-post__thumbnail__link\" href=\"https:\/\/globetree.site\/en\/barnens-motesplats-ockero-2021\/\">\n\t\t\t\t<div class=\"elementor-portfolio-item__img elementor-post__thumbnail\">\n\t\t\t<img decoding=\"async\" width=\"380\" height=\"350\" src=\"https:\/\/globetree.site\/wp-content\/uploads\/2022\/10\/namdo-4elements-380x350-1.jpg\" class=\"attachment-medium size-medium wp-image-20643\" alt=\"\" srcset=\"https:\/\/globetree.site\/wp-content\/uploads\/2022\/10\/namdo-4elements-380x350-1.jpg 380w, https:\/\/globetree.site\/wp-content\/uploads\/2022\/10\/namdo-4elements-380x350-1-13x12.jpg 13w\" sizes=\"(max-width: 380px) 100vw, 380px\" \/>\t\t<\/div>\n\t\t\t\t<div class=\"elementor-portfolio-item__overlay\">\n\t\t\t\t<h3 class=\"elementor-portfolio-item__title\">\n\t\tBarnens M\u00f6tesplats \u00d6cker\u00f6 2021\t\t<\/h3>\n\t\t\t\t<\/div>\n\t\t\t\t<\/a>\n\t\t<\/article>\n\t\t\t\t<article class=\"elementor-portfolio-item elementor-post  post-20675 post type-post status-publish format-standard has-post-thumbnail hentry category-2021-nyheter category-childrens-meeting-place category-studieresor tag-cmp tag-kenya\" role=\"listitem\">\n\t\t\t<a class=\"elementor-post__thumbnail__link\" href=\"https:\/\/globetree.site\/en\/childrens-meeting-place-fira-20-ar\/\">\n\t\t\t\t<div class=\"elementor-portfolio-item__img elementor-post__thumbnail\">\n\t\t\t<img decoding=\"async\" width=\"380\" height=\"350\" src=\"https:\/\/globetree.site\/wp-content\/uploads\/2022\/10\/afrika-2021-09-kenyaresa-cake-380x350-1.jpg\" class=\"attachment-medium size-medium wp-image-20639\" alt=\"\" srcset=\"https:\/\/globetree.site\/wp-content\/uploads\/2022\/10\/afrika-2021-09-kenyaresa-cake-380x350-1.jpg 380w, https:\/\/globetree.site\/wp-content\/uploads\/2022\/10\/afrika-2021-09-kenyaresa-cake-380x350-1-13x12.jpg 13w\" sizes=\"(max-width: 380px) 100vw, 380px\" \/>\t\t<\/div>\n\t\t\t\t<div class=\"elementor-portfolio-item__overlay\">\n\t\t\t\t<h3 class=\"elementor-portfolio-item__title\">\n\t\tChildren&#8217;s Meeting Place fira 20 \u00e5r\t\t<\/h3>\n\t\t\t\t<\/div>\n\t\t\t\t<\/a>\n\t\t<\/article>\n\t\t\t\t<article class=\"elementor-portfolio-item elementor-post  post-20708 post type-post status-publish format-standard has-post-thumbnail hentry category-2021-nyheter category-childrens-meeting-place tag-cmp\" role=\"listitem\">\n\t\t\t<a class=\"elementor-post__thumbnail__link\" href=\"https:\/\/globetree.site\/en\/developing-the-childrens-meeting-place-2021\/\">\n\t\t\t\t<div class=\"elementor-portfolio-item__img elementor-post__thumbnail\">\n\t\t\t<img loading=\"lazy\" decoding=\"async\" width=\"380\" height=\"350\" src=\"https:\/\/globetree.site\/wp-content\/uploads\/2022\/10\/backakra-stone_on_stone-380x350-1.jpg\" class=\"attachment-medium size-medium wp-image-20641\" alt=\"\" srcset=\"https:\/\/globetree.site\/wp-content\/uploads\/2022\/10\/backakra-stone_on_stone-380x350-1.jpg 380w, https:\/\/globetree.site\/wp-content\/uploads\/2022\/10\/backakra-stone_on_stone-380x350-1-13x12.jpg 13w\" sizes=\"(max-width: 380px) 100vw, 380px\" \/>\t\t<\/div>\n\t\t\t\t<div class=\"elementor-portfolio-item__overlay\">\n\t\t\t\t<h3 class=\"elementor-portfolio-item__title\">\n\t\tDeveloping the Children&#8217;s Meeting Place 2021\t\t<\/h3>\n\t\t\t\t<\/div>\n\t\t\t\t<\/a>\n\t\t<\/article>\n\t\t\t\t<article class=\"elementor-portfolio-item elementor-post  post-18162 post type-post status-publish format-standard has-post-thumbnail hentry category-2021-nyheter category-childrens-meeting-place tag-skelleftea\" role=\"listitem\">\n\t\t\t<a class=\"elementor-post__thumbnail__link\" href=\"https:\/\/globetree.site\/en\/barnens-motesplats-skelleftea-2021\/\">\n\t\t\t\t<div class=\"elementor-portfolio-item__img elementor-post__thumbnail\">\n\t\t\t<img loading=\"lazy\" decoding=\"async\" width=\"380\" height=\"350\" src=\"https:\/\/globetree.site\/wp-content\/uploads\/2022\/10\/barnensmotesplats-skelleftea380x350.jpg\" class=\"attachment-medium size-medium wp-image-20642\" alt=\"\" srcset=\"https:\/\/globetree.site\/wp-content\/uploads\/2022\/10\/barnensmotesplats-skelleftea380x350.jpg 380w, https:\/\/globetree.site\/wp-content\/uploads\/2022\/10\/barnensmotesplats-skelleftea380x350-13x12.jpg 13w\" sizes=\"(max-width: 380px) 100vw, 380px\" \/>\t\t<\/div>\n\t\t\t\t<div class=\"elementor-portfolio-item__overlay\">\n\t\t\t\t<h3 class=\"elementor-portfolio-item__title\">\n\t\tBarnens M\u00f6tesplats Skellefte\u00e5 2021\t\t<\/h3>\n\t\t\t\t<\/div>\n\t\t\t\t<\/a>\n\t\t<\/article>\n\t\t\t\t<\/div>\n\t\t\t\t\t\t<\/div>\n\t\t\t\t<\/div>\n\t\t\t\t\t<\/div>\n\t\t<\/div>\n\t\t\t\t\t<\/div>\n\t\t<\/section>\n\t\t\t\t<\/div>","protected":false},"excerpt":{"rendered":"<p>2021 News<\/p>","protected":false},"author":1,"featured_media":20645,"parent":0,"menu_order":0,"comment_status":"closed","ping_status":"closed","template":"","meta":{"_uag_custom_page_level_css":"","_monsterinsights_skip_tracking":false,"_monsterinsights_sitenote_active":false,"_monsterinsights_sitenote_note":"","_monsterinsights_sitenote_category":0,"footnotes":""},"class_list":["post-20657","page","type-page","status-publish","has-post-thumbnail","hentry"],"uagb_featured_image_src":{"full":["https:\/\/globetree.site\/wp-content\/uploads\/2022\/10\/afrika-2021-11-french-and-swedish-ambassadors480x320.jpeg",480,320,false],"thumbnail":["https:\/\/globetree.site\/wp-content\/uploads\/2022\/10\/afrika-2021-11-french-and-swedish-ambassadors480x320.jpeg",150,100,false],"medium":["https:\/\/globetree.site\/wp-content\/uploads\/2022\/10\/afrika-2021-11-french-and-swedish-ambassadors480x320.jpeg",450,300,false],"medium_large":["https:\/\/globetree.site\/wp-content\/uploads\/2022\/10\/afrika-2021-11-french-and-swedish-ambassadors480x320.jpeg",480,320,false],"large":["https:\/\/globetree.site\/wp-content\/uploads\/2022\/10\/afrika-2021-11-french-and-swedish-ambassadors480x320.jpeg",480,320,false],"1536x1536":["https:\/\/globetree.site\/wp-content\/uploads\/2022\/10\/afrika-2021-11-french-and-swedish-ambassadors480x320.jpeg",480,320,false],"2048x2048":["https:\/\/globetree.site\/wp-content\/uploads\/2022\/10\/afrika-2021-11-french-and-swedish-ambassadors480x320.jpeg",480,320,false],"trp-custom-language-flag":["https:\/\/globetree.site\/wp-content\/uploads\/2022\/10\/afrika-2021-11-french-and-swedish-ambassadors480x320-18x12.jpeg",18,12,true]},"uagb_author_info":{"display_name":"Peroy","author_link":"https:\/\/globetree.site\/en\/author\/peroy\/"},"uagb_comment_info":0,"uagb_excerpt":"2021 Nyheter","_links":{"self":[{"href":"https:\/\/globetree.site\/en\/wp-json\/wp\/v2\/pages\/20657","targetHints":{"allow":["GET"]}}],"collection":[{"href":"https:\/\/globetree.site\/en\/wp-json\/wp\/v2\/pages"}],"about":[{"href":"https:\/\/globetree.site\/en\/wp-json\/wp\/v2\/types\/page"}],"author":[{"embeddable":true,"href":"https:\/\/globetree.site\/en\/wp-json\/wp\/v2\/users\/1"}],"replies":[{"embeddable":true,"href":"https:\/\/globetree.site\/en\/wp-json\/wp\/v2\/comments?post=20657"}],"version-history":[{"count":0,"href":"https:\/\/globetree.site\/en\/wp-json\/wp\/v2\/pages\/20657\/revisions"}],"wp:featuredmedia":[{"embeddable":true,"href":"https:\/\/globetree.site\/en\/wp-json\/wp\/v2\/media\/20645"}],"wp:attachment":[{"href":"https:\/\/globetree.site\/en\/wp-json\/wp\/v2\/media?parent=20657"}],"curies":[{"name":"wp","href":"https:\/\/api.w.org\/{rel}","templated":true}]}}